{"id":2657,"date":"2020-04-07T03:08:50","date_gmt":"2020-04-07T01:08:50","guid":{"rendered":"https:\/\/secret-cow-level.de\/wordpress\/?page_id=2657"},"modified":"2020-11-24T14:00:37","modified_gmt":"2020-11-24T13:00:37","slug":"remix-showroom","status":"publish","type":"page","link":"https:\/\/secret-cow-level.de\/wordpress\/darknet\/remix-showroom\/","title":{"rendered":"Remix-Showroom"},"content":{"rendered":"<h2>Sicher ist sicher: auf eigenen Kan\u00e4le speichern<\/h2>\n<p>\n\u2026um es auch noch zu haben, wenn es am urspr\u00fcnglichen Ort gel\u00f6scht werden sollte oder um mehr Reichweite \u00fcber andere Plattformen zu generieren.<\/p>\n<p>\u00a0\n<\/p>\n<h3>Audio<\/h3>\n<p>\nGrundlage: <a href=\"https:\/\/open-educational-resources.de\/oer035-finanzierungs-und-geschaeftsmodelle-fuer-oer\/\" target=\"_blank\" rel=\"noopener noreferrer\">zugehOERt! Podcast Folge 35<\/a><\/p>\n<div class=\"embed-privacy-container is-disabled embed-open-educational-resources-de\" data-embed-id=\"oembed_772d0ec35ef12876a143a26ba206a6eb\" data-embed-provider=\"open-educational-resources-de\" style=\"aspect-ratio: 676\/300;\">\t\t\t\t\t\t<button type=\"button\" class=\"embed-privacy-enable screen-reader-text\">\u201ePodlove Web Player: zugehOERt! \u2013 der Podcast rund um Open Educational Resources (OER) &#8211; OER035: Finanzierungs- und Gesch\u00e4ftsmodelle f\u00fcr OER\u201c von open-educational-resources.de anzeigen<\/button>\t\t\t\t\t\t<\/p>\n<div class=\"embed-privacy-overlay\">\n<div class=\"embed-privacy-inner\">\n<p>\t\tHier klicken, um den Inhalt von open-educational-resources.de anzuzeigen.\t\t<\/p>\n<p class=\"embed-privacy-input-wrapper\">\t\t\t<input id=\"embed-privacy-store-open-educational-resources-de-772d0ec35ef12876a143a26ba206a6eb\" type=\"checkbox\" value=\"1\" class=\"embed-privacy-input\" data-embed-provider=\"open-educational-resources-de\">\t\t\t<label for=\"embed-privacy-store-open-educational-resources-de-772d0ec35ef12876a143a26ba206a6eb\" class=\"embed-privacy-label\" data-embed-provider=\"open-educational-resources-de\">\t\t\t\tInhalt von open-educational-resources.de immer anzeigen\t\t\t<\/label>\t\t<\/p>\n<\/p><\/div>\n<div class=\"embed-privacy-footer\"><span class=\"embed-privacy-url\"><a href=\"https:\/\/open-educational-resources.de\/wp-content\/plugins\/podlove-podcasting-plugin-for-wordpress\/lib\/modules\/podlove_web_player\/player_v4\/dist\/share.html?episode=https%3A%2F%2Fopen-educational-resources.de%2F%3Fpodlove_player4%3D660\">\u201ePodlove Web Player: zugehOERt! \u2013 der Podcast rund um Open Educational Resources (OER) &#8211; OER035: Finanzierungs- und Gesch\u00e4ftsmodelle f\u00fcr OER\u201c direkt \u00f6ffnen<\/a><\/span><\/div>\n<\/p><\/div>\n<div class=\"embed-privacy-content\">\t\t\t\t<script>var _oembed_772d0ec35ef12876a143a26ba206a6eb = '{\\\"embed\\\":\\\"&lt;iframe tabindex=&quot;0&quot; title=&quot;Podlove Web Player: zugehOERt! &ndash; der Podcast rund um Open Educational Resources (OER) - OER035: Finanzierungs- und Gesch&auml;ftsmodelle f&uuml;r OER&quot; src=&quot;https:\\\\\/\\\\\/open-educational-resources.de\\\\\/wp-content\\\\\/plugins\\\\\/podlove-podcasting-plugin-for-wordpress\\\\\/lib\\\\\/modules\\\\\/podlove_web_player\\\\\/player_v4\\\\\/dist\\\\\/share.html?episode=https%3A%2F%2Fopen-educational-resources.de%2F%3Fpodlove_player4%3D660&quot; width=&quot;100%&quot; height=&quot;300&quot; frameborder=&quot;0&quot; scrolling=&quot;no&quot;&gt;&lt;span data-mce-type=&quot;bookmark&quot; style=&quot;display: inline-block; width: 0px; overflow: hidden; line-height: 0;&quot; class=&quot;mce_SELRES_start&quot;&gt;\\\\ufeff&lt;\\\\\/span&gt;&lt;span data-mce-type=&quot;bookmark&quot; style=&quot;display: inline-block; width: 0px; overflow: hidden; line-height: 0;&quot; class=&quot;mce_SELRES_start&quot;&gt;\\\\ufeff&lt;\\\\\/span&gt;&lt;span data-mce-type=&quot;bookmark&quot; style=&quot;display: inline-block; width: 0px; overflow: hidden; line-height: 0;&quot; class=&quot;mce_SELRES_start&quot;&gt;\\\\ufeff&lt;\\\\\/span&gt;&lt;span data-mce-type=&quot;bookmark&quot; style=&quot;display: inline-block; width: 0px; overflow: hidden; line-height: 0;&quot; class=&quot;mce_SELRES_start&quot;&gt;\\\\ufeff&lt;\\\\\/span&gt;&lt;span data-mce-type=&quot;bookmark&quot; style=&quot;display: inline-block; width: 0px; overflow: hidden; line-height: 0;&quot; class=&quot;mce_SELRES_start&quot;&gt;\\\\ufeff&lt;\\\\\/span&gt;&lt;span data-mce-type=&quot;bookmark&quot; style=&quot;display: inline-block; width: 0px; overflow: hidden; line-height: 0;&quot; class=&quot;mce_SELRES_start&quot;&gt;\\\\ufeff&lt;\\\\\/span&gt;&lt;\\\\\/iframe&gt;\\\"}';<\/script>\t\t\t<\/div>\n<\/p><\/div>\n<p>Auf Soundcloud gespeichert:<\/p>\n<div class=\"embed-privacy-container is-disabled embed-soundcloud\" data-embed-id=\"oembed_578639470ab013e5c5805a9b163fa230\" data-embed-provider=\"soundcloud\" style=\"aspect-ratio: 676\/166;\">\t\t\t\t\t\t<button type=\"button\" class=\"embed-privacy-enable screen-reader-text\">Inhalt von SoundCloud anzeigen<\/button>\t\t\t\t\t\t<\/p>\n<div class=\"embed-privacy-overlay\">\n<div class=\"embed-privacy-inner\">\n<div class=\"embed-privacy-logo\" style=\"background-image: url(https:\/\/secret-cow-level.de\/wordpress\/wp-content\/plugins\/embed-privacy\/assets\/images\/embed-soundcloud.png?ver=1.12.3);\"><\/div>\n<p>\t\tHier klicken, um den Inhalt von SoundCloud anzuzeigen.\t\t\t\t\t<br \/>\t\t\t\t\tErfahre mehr in der <a href=\"https:\/\/soundcloud.com\/pages\/privacy\" target=\"_blank\">Datenschutzerkl\u00e4rung von SoundCloud<\/a>.\t\t<\/p>\n<p class=\"embed-privacy-input-wrapper\">\t\t\t<input id=\"embed-privacy-store-soundcloud-578639470ab013e5c5805a9b163fa230\" type=\"checkbox\" value=\"1\" class=\"embed-privacy-input\" data-embed-provider=\"soundcloud\">\t\t\t<label for=\"embed-privacy-store-soundcloud-578639470ab013e5c5805a9b163fa230\" class=\"embed-privacy-label\" data-embed-provider=\"soundcloud\">\t\t\t\tInhalt von SoundCloud immer anzeigen\t\t\t<\/label>\t\t<\/p>\n<\/p><\/div>\n<div class=\"embed-privacy-footer\"><span class=\"embed-privacy-url\"><a href=\"https:\/\/w.soundcloud.com\/player\/?url=https%3A\/\/api.soundcloud.com\/tracks\/334179468&amp;color=%23ff5500&amp;auto_play=false&amp;hide_related=false&amp;show_comments=true&amp;show_user=true&amp;show_reposts=false&amp;show_teaser=true\">Inhalt direkt \u00f6ffnen<\/a><\/span><\/div>\n<\/p><\/div>\n<div class=\"embed-privacy-content\">\t\t\t\t<script>var _oembed_578639470ab013e5c5805a9b163fa230 = '{\\\"embed\\\":\\\"&lt;iframe src=&quot;https:\\\\\/\\\\\/w.soundcloud.com\\\\\/player\\\\\/?url=https%3A\\\\\/\\\\\/api.soundcloud.com\\\\\/tracks\\\\\/334179468&amp;amp;color=%23ff5500&amp;amp;auto_play=false&amp;amp;hide_related=false&amp;amp;show_comments=true&amp;amp;show_user=true&amp;amp;show_reposts=false&amp;amp;show_teaser=true&quot; width=&quot;100%&quot; height=&quot;166&quot; frameborder=&quot;no&quot; scrolling=&quot;no&quot;&gt;&lt;\\\\\/iframe&gt;\\\"}';<\/script>\t\t\t<\/div>\n<\/p><\/div>\n<p>\u00a0\n<\/p>\n<h3>Video<\/h3>\n<p>\nGrundlage: Aufzeichung einer Keynote beim Projekt OERsax<\/p>\n<div id=\"attachment_2689\" style=\"width: 810px\" class=\"wp-caption alignnone\"><a href=\"https:\/\/web.archive.org\/web\/20190522144408\/http:\/\/blogs.hrz.tu-freiberg.de\/oersax\/keynote-vortrag-von-anja-lorenz-online\/\"><img loading=\"lazy\" decoding=\"async\" aria-describedby=\"caption-attachment-2689\" class=\"wp-image-2689 size-large\" src=\"https:\/\/secret-cow-level.de\/wordpress\/wp-content\/uploads\/2020\/04\/Keynote-Vortrag-von-Anja-Lorenz-online-%E2%80%93-OERsax-800x681.png\" alt=\"Keaynote OERsax\" width=\"800\" height=\"681\"><\/a><p id=\"caption-attachment-2689\" class=\"wp-caption-text\"><a href=\"https:\/\/web.archive.org\/web\/20190522144408\/http:\/\/blogs.hrz.tu-freiberg.de\/oersax\/keynote-vortrag-von-anja-lorenz-online\/\" target=\"_blank\" rel=\"noopener noreferrer\">Webseite via WebArchive<\/a><\/p><\/div>\n<p>\u00a0<\/p>\n<p>Auf YouTube potentiell mehr Menschen erreichen:<\/p>\n<div class=\"embed-privacy-container is-disabled embed-www-youtube-nocookie-com\" data-embed-id=\"oembed_fee6f156da3021cf68c153f4b8790406\" data-embed-provider=\"www-youtube-nocookie-com\" style=\"aspect-ratio: 560\/315;\">\t\t\t\t\t\t<button type=\"button\" class=\"embed-privacy-enable screen-reader-text\">Inhalt von www.youtube-nocookie.com anzeigen<\/button>\t\t\t\t\t\t<\/p>\n<div class=\"embed-privacy-overlay\">\n<div class=\"embed-privacy-inner\">\n<p>\t\tHier klicken, um den Inhalt von www.youtube-nocookie.com anzuzeigen.\t\t<\/p>\n<p class=\"embed-privacy-input-wrapper\">\t\t\t<input id=\"embed-privacy-store-www-youtube-nocookie-com-fee6f156da3021cf68c153f4b8790406\" type=\"checkbox\" value=\"1\" class=\"embed-privacy-input\" data-embed-provider=\"www-youtube-nocookie-com\">\t\t\t<label for=\"embed-privacy-store-www-youtube-nocookie-com-fee6f156da3021cf68c153f4b8790406\" class=\"embed-privacy-label\" data-embed-provider=\"www-youtube-nocookie-com\">\t\t\t\tInhalt von www.youtube-nocookie.com immer anzeigen\t\t\t<\/label>\t\t<\/p>\n<\/p><\/div>\n<div class=\"embed-privacy-footer\"><span class=\"embed-privacy-url\"><a href=\"https:\/\/www.youtube-nocookie.com\/embed\/yYBNFcy2v-k\">Inhalt direkt \u00f6ffnen<\/a><\/span><\/div>\n<\/p><\/div>\n<div class=\"embed-privacy-content\">\t\t\t\t<script>var _oembed_fee6f156da3021cf68c153f4b8790406 = '{\\\"embed\\\":\\\"&lt;iframe src=&quot;https:\\\\\/\\\\\/www.youtube-nocookie.com\\\\\/embed\\\\\/yYBNFcy2v-k&quot; width=&quot;560&quot; height=&quot;315&quot; frameborder=&quot;0&quot; allowfullscreen=&quot;allowfullscreen&quot;&gt;&lt;\\\\\/iframe&gt;\\\"}';<\/script>\t\t\t<\/div>\n<\/p><\/div>\n<p>\u00a0\n<\/p>\n<h2>Mach es kurz<\/h2>\n<h3>Audio<\/h3>\n<p>\nGrundlage: <a href=\"https:\/\/bldg-alt-entf.de\/2018\/10\/20\/bldgaltentf-e009-bring-your-own-topf\/\" target=\"_blank\" rel=\"noopener noreferrer\">BldgAltEntf E009<\/a> (2:40h)<\/p>\n<p>Gek\u00fcrzt mit <a href=\"https:\/\/www.audacity.de\/\" target=\"_blank\" rel=\"noopener noreferrer\">Audacity<\/a> (Open Source): Nur der R\u00fcckblick aufs EduCamp 2018 in Hattingen<\/p>\n<div class=\"embed-privacy-container is-disabled embed-soundcloud\" data-embed-id=\"oembed_258a6cf0f5e1bbce880d69504cfe2a60\" data-embed-provider=\"soundcloud\" style=\"aspect-ratio: 676\/166;\">\t\t\t\t\t\t<button type=\"button\" class=\"embed-privacy-enable screen-reader-text\">Inhalt von SoundCloud anzeigen<\/button>\t\t\t\t\t\t<\/p>\n<div class=\"embed-privacy-overlay\">\n<div class=\"embed-privacy-inner\">\n<div class=\"embed-privacy-logo\" style=\"background-image: url(https:\/\/secret-cow-level.de\/wordpress\/wp-content\/plugins\/embed-privacy\/assets\/images\/embed-soundcloud.png?ver=1.12.3);\"><\/div>\n<p>\t\tHier klicken, um den Inhalt von SoundCloud anzuzeigen.\t\t\t\t\t<br \/>\t\t\t\t\tErfahre mehr in der <a href=\"https:\/\/soundcloud.com\/pages\/privacy\" target=\"_blank\">Datenschutzerkl\u00e4rung von SoundCloud<\/a>.\t\t<\/p>\n<p class=\"embed-privacy-input-wrapper\">\t\t\t<input id=\"embed-privacy-store-soundcloud-258a6cf0f5e1bbce880d69504cfe2a60\" type=\"checkbox\" value=\"1\" class=\"embed-privacy-input\" data-embed-provider=\"soundcloud\">\t\t\t<label for=\"embed-privacy-store-soundcloud-258a6cf0f5e1bbce880d69504cfe2a60\" class=\"embed-privacy-label\" data-embed-provider=\"soundcloud\">\t\t\t\tInhalt von SoundCloud immer anzeigen\t\t\t<\/label>\t\t<\/p>\n<\/p><\/div>\n<div class=\"embed-privacy-footer\"><span class=\"embed-privacy-url\"><a href=\"https:\/\/w.soundcloud.com\/player\/?url=https%3A\/\/api.soundcloud.com\/tracks\/517342824&amp;color=ff5500\">Inhalt direkt \u00f6ffnen<\/a><\/span><\/div>\n<\/p><\/div>\n<div class=\"embed-privacy-content\">\t\t\t\t<script>var _oembed_258a6cf0f5e1bbce880d69504cfe2a60 = '{\\\"embed\\\":\\\"&lt;iframe src=&quot;https:\\\\\/\\\\\/w.soundcloud.com\\\\\/player\\\\\/?url=https%3A\\\\\/\\\\\/api.soundcloud.com\\\\\/tracks\\\\\/517342824&amp;amp;color=ff5500&quot; width=&quot;100%&quot; height=&quot;166&quot; frameborder=&quot;no&quot; scrolling=&quot;no&quot;&gt;&lt;\\\\\/iframe&gt;\\\"}';<\/script>\t\t\t<\/div>\n<\/p><\/div>\n<p>\u00a0\n<\/p>\n<h3>Video<\/h3>\n<p>\nOriginal: 18:50 min<\/p>\n<div class=\"embed-privacy-container is-disabled embed-www-youtube-nocookie-com\" data-embed-id=\"oembed_17b2864f92e6cd3115786aea6a229439\" data-embed-provider=\"www-youtube-nocookie-com\" style=\"aspect-ratio: 560\/315;\">\t\t\t\t\t\t<button type=\"button\" class=\"embed-privacy-enable screen-reader-text\">Inhalt von www.youtube-nocookie.com anzeigen<\/button>\t\t\t\t\t\t<\/p>\n<div class=\"embed-privacy-overlay\">\n<div class=\"embed-privacy-inner\">\n<p>\t\tHier klicken, um den Inhalt von www.youtube-nocookie.com anzuzeigen.\t\t<\/p>\n<p class=\"embed-privacy-input-wrapper\">\t\t\t<input id=\"embed-privacy-store-www-youtube-nocookie-com-17b2864f92e6cd3115786aea6a229439\" type=\"checkbox\" value=\"1\" class=\"embed-privacy-input\" data-embed-provider=\"www-youtube-nocookie-com\">\t\t\t<label for=\"embed-privacy-store-www-youtube-nocookie-com-17b2864f92e6cd3115786aea6a229439\" class=\"embed-privacy-label\" data-embed-provider=\"www-youtube-nocookie-com\">\t\t\t\tInhalt von www.youtube-nocookie.com immer anzeigen\t\t\t<\/label>\t\t<\/p>\n<\/p><\/div>\n<div class=\"embed-privacy-footer\"><span class=\"embed-privacy-url\"><a href=\"https:\/\/www.youtube-nocookie.com\/embed\/T568l5FO018\">Inhalt direkt \u00f6ffnen<\/a><\/span><\/div>\n<\/p><\/div>\n<div class=\"embed-privacy-content\">\t\t\t\t<script>var _oembed_17b2864f92e6cd3115786aea6a229439 = '{\\\"embed\\\":\\\"&lt;iframe src=&quot;https:\\\\\/\\\\\/www.youtube-nocookie.com\\\\\/embed\\\\\/T568l5FO018&quot; width=&quot;560&quot; height=&quot;315&quot; frameborder=&quot;0&quot; allowfullscreen=&quot;allowfullscreen&quot;&gt;&lt;\\\\\/iframe&gt;\\\"}';<\/script>\t\t\t<\/div>\n<\/p><\/div>\n<p>\u00a0<\/p>\n<p>Gek\u00fcrzt mit <a href=\"https:\/\/www.shotcut.org\/\" target=\"_blank\" rel=\"noopener noreferrer\">ShotCut (Open Source)<\/a>.<\/p>\n<p>Teil 1: 7:15 min<\/p>\n<div class=\"embed-privacy-container is-disabled embed-www-youtube-nocookie-com\" data-embed-id=\"oembed_08d7ac2590aa40c027fe1b07bec03739\" data-embed-provider=\"www-youtube-nocookie-com\" style=\"aspect-ratio: 560\/315;\">\t\t\t\t\t\t<button type=\"button\" class=\"embed-privacy-enable screen-reader-text\">Inhalt von www.youtube-nocookie.com anzeigen<\/button>\t\t\t\t\t\t<\/p>\n<div class=\"embed-privacy-overlay\">\n<div class=\"embed-privacy-inner\">\n<p>\t\tHier klicken, um den Inhalt von www.youtube-nocookie.com anzuzeigen.\t\t<\/p>\n<p class=\"embed-privacy-input-wrapper\">\t\t\t<input id=\"embed-privacy-store-www-youtube-nocookie-com-08d7ac2590aa40c027fe1b07bec03739\" type=\"checkbox\" value=\"1\" class=\"embed-privacy-input\" data-embed-provider=\"www-youtube-nocookie-com\">\t\t\t<label for=\"embed-privacy-store-www-youtube-nocookie-com-08d7ac2590aa40c027fe1b07bec03739\" class=\"embed-privacy-label\" data-embed-provider=\"www-youtube-nocookie-com\">\t\t\t\tInhalt von www.youtube-nocookie.com immer anzeigen\t\t\t<\/label>\t\t<\/p>\n<\/p><\/div>\n<div class=\"embed-privacy-footer\"><span class=\"embed-privacy-url\"><a href=\"https:\/\/www.youtube-nocookie.com\/embed\/CkS6cjmFpho\">Inhalt direkt \u00f6ffnen<\/a><\/span><\/div>\n<\/p><\/div>\n<div class=\"embed-privacy-content\">\t\t\t\t<script>var _oembed_08d7ac2590aa40c027fe1b07bec03739 = '{\\\"embed\\\":\\\"&lt;iframe src=&quot;https:\\\\\/\\\\\/www.youtube-nocookie.com\\\\\/embed\\\\\/CkS6cjmFpho&quot; width=&quot;560&quot; height=&quot;315&quot; frameborder=&quot;0&quot; allowfullscreen=&quot;allowfullscreen&quot;&gt;&lt;\\\\\/iframe&gt;\\\"}';<\/script>\t\t\t<\/div>\n<\/p><\/div>\n<p>Teil 2: 11:08 min<\/p>\n<div class=\"embed-privacy-container is-disabled embed-www-youtube-nocookie-com\" data-embed-id=\"oembed_022cf6d87c655098b0438ea78da16291\" data-embed-provider=\"www-youtube-nocookie-com\" style=\"aspect-ratio: 560\/315;\">\t\t\t\t\t\t<button type=\"button\" class=\"embed-privacy-enable screen-reader-text\">Inhalt von www.youtube-nocookie.com anzeigen<\/button>\t\t\t\t\t\t<\/p>\n<div class=\"embed-privacy-overlay\">\n<div class=\"embed-privacy-inner\">\n<p>\t\tHier klicken, um den Inhalt von www.youtube-nocookie.com anzuzeigen.\t\t<\/p>\n<p class=\"embed-privacy-input-wrapper\">\t\t\t<input id=\"embed-privacy-store-www-youtube-nocookie-com-022cf6d87c655098b0438ea78da16291\" type=\"checkbox\" value=\"1\" class=\"embed-privacy-input\" data-embed-provider=\"www-youtube-nocookie-com\">\t\t\t<label for=\"embed-privacy-store-www-youtube-nocookie-com-022cf6d87c655098b0438ea78da16291\" class=\"embed-privacy-label\" data-embed-provider=\"www-youtube-nocookie-com\">\t\t\t\tInhalt von www.youtube-nocookie.com immer anzeigen\t\t\t<\/label>\t\t<\/p>\n<\/p><\/div>\n<div class=\"embed-privacy-footer\"><span class=\"embed-privacy-url\"><a href=\"https:\/\/www.youtube-nocookie.com\/embed\/ceCoEQESb8I\">Inhalt direkt \u00f6ffnen<\/a><\/span><\/div>\n<\/p><\/div>\n<div class=\"embed-privacy-content\">\t\t\t\t<script>var _oembed_022cf6d87c655098b0438ea78da16291 = '{\\\"embed\\\":\\\"&lt;iframe src=&quot;https:\\\\\/\\\\\/www.youtube-nocookie.com\\\\\/embed\\\\\/ceCoEQESb8I&quot; width=&quot;560&quot; height=&quot;315&quot; frameborder=&quot;0&quot; allowfullscreen=&quot;allowfullscreen&quot;&gt;&lt;\\\\\/iframe&gt;\\\"}';<\/script>\t\t\t<\/div>\n<\/p><\/div>\n<p>\u00a0\n<\/p>\n<h2>Remix einer Pr\u00e4sentation mit H5P inkl. Quiz<\/h2>\n<p>\nGrundlage: <a href=\"https:\/\/sansch.wordpress.com\/2013\/10\/18\/schnoerzeljagd-we-did-it-again-tipps-furs-suchen-von-offenen-bildungsressourcen\/\" target=\"_blank\" rel=\"noopener noreferrer\">SchnOERzeljagd<\/a> von Sandra Sch\u00f6n (CC BY-SA 4.0)<\/p>\n<div class=\"h5p-iframe-wrapper\"><iframe id=\"h5p-iframe-9\" class=\"h5p-iframe\" data-content-id=\"9\" style=\"height:1px\" src=\"about:blank\" frameBorder=\"0\" scrolling=\"no\" title=\"2.7 SchnOERzeljagd\"><\/iframe><\/div>\n<p>\u00a0\n<\/p>\n<h2>Remix zur Strukturierung von Medien<\/h2>\n<div class=\"h5p-iframe-wrapper\"><iframe id=\"h5p-iframe-13\" class=\"h5p-iframe\" data-content-id=\"13\" style=\"height:1px\" src=\"about:blank\" frameBorder=\"0\" scrolling=\"no\" title=\"OER-Camp Nord #OERexp\"><\/iframe><\/div>\n<p><a href=\"https:\/\/mooin.oncampus.de\/course\/view.php?id=106&amp;chapter=3&amp;selected_week=24\" target=\"_blank\" rel=\"noopener noreferrer\"><em>Aus der Praxis: Welche OER-Materialien werden wo geteilt?<\/em><\/a><em> von OER-MuMiW (<a href=\"https:\/\/creativecommons.org\/licenses\/by\/4.0\/deed.de\" target=\"_blank\" rel=\"noopener noreferrer\">CC BY 4.0<\/a>)<\/em><\/p>\n<p>\u00a0\n<\/p>\n<h2>Videos mit neuem Vor- und Abspann<\/h2>\n<p>\n\u2026 beispielsweise damit es wie aus einem Guss aussieht. Hier das Original:<\/p>\n<div class=\"embed-privacy-container is-disabled embed-www-youtube-nocookie-com\" data-embed-id=\"oembed_c46ae7630eadd0730f182a98185821b5\" data-embed-provider=\"www-youtube-nocookie-com\" style=\"aspect-ratio: 676\/400;\">\t\t\t\t\t\t<button type=\"button\" class=\"embed-privacy-enable screen-reader-text\">Inhalt von www.youtube-nocookie.com anzeigen<\/button>\t\t\t\t\t\t<\/p>\n<div class=\"embed-privacy-overlay\">\n<div class=\"embed-privacy-inner\">\n<p>\t\tHier klicken, um den Inhalt von www.youtube-nocookie.com anzuzeigen.\t\t<\/p>\n<p class=\"embed-privacy-input-wrapper\">\t\t\t<input id=\"embed-privacy-store-www-youtube-nocookie-com-c46ae7630eadd0730f182a98185821b5\" type=\"checkbox\" value=\"1\" class=\"embed-privacy-input\" data-embed-provider=\"www-youtube-nocookie-com\">\t\t\t<label for=\"embed-privacy-store-www-youtube-nocookie-com-c46ae7630eadd0730f182a98185821b5\" class=\"embed-privacy-label\" data-embed-provider=\"www-youtube-nocookie-com\">\t\t\t\tInhalt von www.youtube-nocookie.com immer anzeigen\t\t\t<\/label>\t\t<\/p>\n<\/p><\/div>\n<div class=\"embed-privacy-footer\"><span class=\"embed-privacy-url\"><a href=\"https:\/\/www.youtube-nocookie.com\/embed\/VDEoQ8ukDIQ\">Inhalt direkt \u00f6ffnen<\/a><\/span><\/div>\n<\/p><\/div>\n<div class=\"embed-privacy-content\">\t\t\t\t<script>var _oembed_c46ae7630eadd0730f182a98185821b5 = '{\\\"embed\\\":\\\"&lt;iframe src=&quot;https:\\\\\/\\\\\/www.youtube-nocookie.com\\\\\/embed\\\\\/VDEoQ8ukDIQ&quot; width=&quot;100%&quot; height=&quot;400&quot; frameborder=&quot;0&quot; allowfullscreen=&quot;allowfullscreen&quot;&gt;&lt;\\\\\/iframe&gt;\\\"}';<\/script>\t\t\t<\/div>\n<\/p><\/div>\n<p><i><b>Lizenzhinweis:<\/b>\u00a0Das verwendete Video &#8222;<a href=\"https:\/\/www.youtube.com\/watch?v=VDEoQ8ukDIQ\" target=\"_blank\" rel=\"noopener noreferrer\">[COER MOOC] Video 3 &#8211; Einf\u00fchrung in die CC Lizenzierung<\/a>&#8220; von Sandra Sch\u00f6n und Martin Ebner f\u00fcr\u00a0<a href=\"http:\/\/imoox.at\/\" target=\"_blank\" rel=\"noopener noreferrer\">iMOOX.at<\/a>\u00a0steht unter der\u00a0<a href=\"https:\/\/creativecommons.org\/licenses\/by\/4.0\/legalcode\" target=\"_blank\" rel=\"noopener noreferrer\">Lizenz CC BY 4.0<\/a>.<\/i>\n<\/p>\n<p style=\"padding-left: 40px;\">&#8211; Vor- und Abspann<br \/>\n+ neuer Vor- und Abspann<br \/>\n+ Lizenzhinweis drauf (alles mit Shotcut)<br \/>\n+ H5P-Schnickschnack<\/p>\n<p style=\"padding-left: 40px;\">= Ergebnis:<\/p>\n<div class=\"h5p-iframe-wrapper\"><iframe id=\"h5p-iframe-22\" class=\"h5p-iframe\" data-content-id=\"22\" style=\"height:1px\" src=\"about:blank\" frameBorder=\"0\" scrolling=\"no\" title=\"1.4 CC Lizenzen\"><\/iframe><\/div>\n","protected":false},"excerpt":{"rendered":"<p>Sicher ist sicher: auf eigenen Kan\u00e4le speichern \u2026um es auch noch zu haben, wenn es am urspr\u00fcnglichen Ort gel\u00f6scht werden sollte oder um mehr Reichweite \u00fcber andere Plattformen zu generieren. \u00a0 Audio Grundlage: zugehOERt! Podcast Folge 35 \u201ePodlove Web Player:&#8230; <a class=\"more-link\" href=\"https:\/\/secret-cow-level.de\/wordpress\/darknet\/remix-showroom\/\">Weiterlesen &rarr;<\/a><\/p>\n","protected":false},"author":1,"featured_media":0,"parent":2738,"menu_order":0,"comment_status":"closed","ping_status":"closed","template":"","meta":{"_crdt_document":"","_metis_text_type":"standard","_metis_text_length":1352,"_post_count":0,"footnotes":""},"class_list":["post-2657","page","type-page","status-publish","hentry"],"_links":{"self":[{"href":"https:\/\/secret-cow-level.de\/wordpress\/wp-json\/wp\/v2\/pages\/2657","targetHints":{"allow":["GET"]}}],"collection":[{"href":"https:\/\/secret-cow-level.de\/wordpress\/wp-json\/wp\/v2\/pages"}],"about":[{"href":"https:\/\/secret-cow-level.de\/wordpress\/wp-json\/wp\/v2\/types\/page"}],"author":[{"embeddable":true,"href":"https:\/\/secret-cow-level.de\/wordpress\/wp-json\/wp\/v2\/users\/1"}],"replies":[{"embeddable":true,"href":"https:\/\/secret-cow-level.de\/wordpress\/wp-json\/wp\/v2\/comments?post=2657"}],"version-history":[{"count":34,"href":"https:\/\/secret-cow-level.de\/wordpress\/wp-json\/wp\/v2\/pages\/2657\/revisions"}],"predecessor-version":[{"id":2780,"href":"https:\/\/secret-cow-level.de\/wordpress\/wp-json\/wp\/v2\/pages\/2657\/revisions\/2780"}],"up":[{"embeddable":true,"href":"https:\/\/secret-cow-level.de\/wordpress\/wp-json\/wp\/v2\/pages\/2738"}],"wp:attachment":[{"href":"https:\/\/secret-cow-level.de\/wordpress\/wp-json\/wp\/v2\/media?parent=2657"}],"curies":[{"name":"wp","href":"https:\/\/api.w.org\/{rel}","templated":true}]}}